{"id":3102,"date":"2022-12-05T22:01:15","date_gmt":"2022-12-06T01:01:15","guid":{"rendered":"https:\/\/engenheiroricardo.com\/?page_id=3102"},"modified":"2023-10-07T20:34:27","modified_gmt":"2023-10-07T23:34:27","slug":"assistencia-tecnica-em-acoes-judiciais","status":"publish","type":"page","link":"https:\/\/engenheiroricardo.com\/index.php\/assistencia-tecnica-em-acoes-judiciais\/","title":{"rendered":"Assist\u00eancia T\u00e9cnica em A\u00e7\u00f5es Judiciais"},"content":{"rendered":"\t\t<div data-elementor-type=\"wp-page\" data-elementor-id=\"3102\" class=\"elementor elementor-3102\">\n\t\t\t\t\t\t\t\t\t<section class=\"elementor-section elementor-top-section elementor-element elementor-element-95dcc05 elementor-section-boxed elementor-section-height-default elementor-section-height-default\" data-id=\"95dcc05\" data-element_type=\"section\">\n\t\t\t\t\t\t<div class=\"elementor-container elementor-column-gap-default\">\n\t\t\t\t\t<div class=\"elementor-column elementor-col-100 elementor-top-column elementor-element elementor-element-8807550\" data-id=\"8807550\" data-element_type=\"column\">\n\t\t\t<div class=\"elementor-widget-wrap elementor-element-populated\">\n\t\t\t\t\t\t\t\t<div class=\"elementor-element elementor-element-317dfe6 elementor-widget elementor-widget-heading\" data-id=\"317dfe6\" data-element_type=\"widget\" data-widget_type=\"heading.default\">\n\t\t\t\t<div class=\"elementor-widget-container\">\n\t\t\t<style>\/*! elementor - v3.16.0 - 20-09-2023 *\/\n.elementor-heading-title{padding:0;margin:0;line-height:1}.elementor-widget-heading .elementor-heading-title[class*=elementor-size-]>a{color:inherit;font-size:inherit;line-height:inherit}.elementor-widget-heading .elementor-heading-title.elementor-size-small{font-size:15px}.elementor-widget-heading .elementor-heading-title.elementor-size-medium{font-size:19px}.elementor-widget-heading .elementor-heading-title.elementor-size-large{font-size:29px}.elementor-widget-heading .elementor-heading-title.elementor-size-xl{font-size:39px}.elementor-widget-heading .elementor-heading-title.elementor-size-xxl{font-size:59px}<\/style><h1 class=\"elementor-heading-title elementor-size-default\">Assist\u00eancia T\u00e9cnica em A\u00e7\u00f5es Judiciais<\/h1>\t\t<\/div>\n\t\t\t\t<\/div>\n\t\t\t\t<div class=\"elementor-element elementor-element-9b58916 elementor-absolute elementor-widget-divider--view-line elementor-widget elementor-widget-divider\" data-id=\"9b58916\" data-element_type=\"widget\" data-settings=\"{&quot;_position&quot;:&quot;absolute&quot;}\" data-widget_type=\"divider.default\">\n\t\t\t\t<div class=\"elementor-widget-container\">\n\t\t\t<style>\/*! elementor - v3.16.0 - 20-09-2023 *\/\n.elementor-widget-divider{--divider-border-style:none;--divider-border-width:1px;--divider-color:#0c0d0e;--divider-icon-size:20px;--divider-element-spacing:10px;--divider-pattern-height:24px;--divider-pattern-size:20px;--divider-pattern-url:none;--divider-pattern-repeat:repeat-x}.elementor-widget-divider .elementor-divider{display:flex}.elementor-widget-divider .elementor-divider__text{font-size:15px;line-height:1;max-width:95%}.elementor-widget-divider .elementor-divider__element{margin:0 var(--divider-element-spacing);flex-shrink:0}.elementor-widget-divider .elementor-icon{font-size:var(--divider-icon-size)}.elementor-widget-divider .elementor-divider-separator{display:flex;margin:0;direction:ltr}.elementor-widget-divider--view-line_icon .elementor-divider-separator,.elementor-widget-divider--view-line_text .elementor-divider-separator{align-items:center}.elementor-widget-divider--view-line_icon .elementor-divider-separator:after,.elementor-widget-divider--view-line_icon .elementor-divider-separator:before,.elementor-widget-divider--view-line_text .elementor-divider-separator:after,.elementor-widget-divider--view-line_text .elementor-divider-separator:before{display:block;content:\"\";border-bottom:0;flex-grow:1;border-top:var(--divider-border-width) var(--divider-border-style) var(--divider-color)}.elementor-widget-divider--element-align-left .elementor-divider .elementor-divider-separator>.elementor-divider__svg:first-of-type{flex-grow:0;flex-shrink:100}.elementor-widget-divider--element-align-left .elementor-divider-separator:before{content:none}.elementor-widget-divider--element-align-left .elementor-divider__element{margin-left:0}.elementor-widget-divider--element-align-right .elementor-divider .elementor-divider-separator>.elementor-divider__svg:last-of-type{flex-grow:0;flex-shrink:100}.elementor-widget-divider--element-align-right .elementor-divider-separator:after{content:none}.elementor-widget-divider--element-align-right .elementor-divider__element{margin-right:0}.elementor-widget-divider:not(.elementor-widget-divider--view-line_text):not(.elementor-widget-divider--view-line_icon) .elementor-divider-separator{border-top:var(--divider-border-width) var(--divider-border-style) var(--divider-color)}.elementor-widget-divider--separator-type-pattern{--divider-border-style:none}.elementor-widget-divider--separator-type-pattern.elementor-widget-divider--view-line .elementor-divider-separator,.elementor-widget-divider--separator-type-pattern:not(.elementor-widget-divider--view-line) .elementor-divider-separator:after,.elementor-widget-divider--separator-type-pattern:not(.elementor-widget-divider--view-line) .elementor-divider-separator:before,.elementor-widget-divider--separator-type-pattern:not([class*=elementor-widget-divider--view]) .elementor-divider-separator{width:100%;min-height:var(--divider-pattern-height);-webkit-mask-size:var(--divider-pattern-size) 100%;mask-size:var(--divider-pattern-size) 100%;-webkit-mask-repeat:var(--divider-pattern-repeat);mask-repeat:var(--divider-pattern-repeat);background-color:var(--divider-color);-webkit-mask-image:var(--divider-pattern-url);mask-image:var(--divider-pattern-url)}.elementor-widget-divider--no-spacing{--divider-pattern-size:auto}.elementor-widget-divider--bg-round{--divider-pattern-repeat:round}.rtl .elementor-widget-divider .elementor-divider__text{direction:rtl}.e-con-inner>.elementor-widget-divider,.e-con>.elementor-widget-divider{width:var(--container-widget-width,100%);--flex-grow:var(--container-widget-flex-grow)}<\/style>\t\t<div class=\"elementor-divider\">\n\t\t\t<span class=\"elementor-divider-separator\">\n\t\t\t\t\t\t<\/span>\n\t\t<\/div>\n\t\t\t\t<\/div>\n\t\t\t\t<\/div>\n\t\t\t\t<div class=\"elementor-element elementor-element-e005e98 elementor-widget elementor-widget-text-editor\" data-id=\"e005e98\" data-element_type=\"widget\" data-widget_type=\"text-editor.default\">\n\t\t\t\t<div class=\"elementor-widget-container\">\n\t\t\t<style>\/*! elementor - v3.16.0 - 20-09-2023 *\/\n.elementor-widget-text-editor.elementor-drop-cap-view-stacked .elementor-drop-cap{background-color:#69727d;color:#fff}.elementor-widget-text-editor.elementor-drop-cap-view-framed .elementor-drop-cap{color:#69727d;border:3px solid;background-color:transparent}.elementor-widget-text-editor:not(.elementor-drop-cap-view-default) .elementor-drop-cap{margin-top:8px}.elementor-widget-text-editor:not(.elementor-drop-cap-view-default) .elementor-drop-cap-letter{width:1em;height:1em}.elementor-widget-text-editor .elementor-drop-cap{float:left;text-align:center;line-height:1;font-size:50px}.elementor-widget-text-editor .elementor-drop-cap-letter{display:inline-block}<\/style>\t\t\t\t<p>Auxiliamos tecnicamente a \u00e1rea jur\u00eddica \/advogados em a\u00e7\u00f5es judiciais e extrajudiciais, quando o assunto envolve temas de engenharia civil. <br><\/p>\n<div>Realizamos tamb\u00e9m o estudo das causas que motivaram o acionamento por vias judiciais ou extrajudiciais, com a an\u00e1lise dos aspectos t\u00e9cnicos e legais.<\/div>\n<div>&nbsp;<br><\/div>\n<div>A assist\u00eancia t\u00e9cnica judicial tem o objetivo de instruir tecnicamente e juridicamente em defesa da parte contratante perante o Ju\u00edzo e\/ou Perito nomeado pelo juiz.<\/div>\n<div>&nbsp;<\/div>\n<div>Tipos de processos: a\u00e7\u00f5es renovat\u00f3rias e revisionais de aluguel, a\u00e7\u00f5es de desapropria\u00e7\u00e3o, avalia\u00e7\u00e3o para atualiza\u00e7\u00e3o patrimonial de empresas e pessoas f\u00edsicas, estudos de responsabilidade civil, v\u00edcios construtivos, consumo de \u00e1gua, etc.<\/div>\n<div>&nbsp;<\/div>\n<p>A assist\u00eancia t\u00e9cnica em a\u00e7\u00f5es judiciais se d\u00e1 por meio de elabora\u00e7\u00e3o de laudo t\u00e9cnico, elabora\u00e7\u00e3o de quesitos ao perito judicial, acompanhamento das dilig\u00eancias periciais e elabora\u00e7\u00e3o dos quesitos suplementares e eventuais pareceres t\u00e9cnicos concordantes ou divergentes com o laudo do perito judicial.<\/p>\n<p>&nbsp;<\/p>\t\t\t\t\t\t<\/div>\n\t\t\t\t<\/div>\n\t\t\t\t<section class=\"elementor-section elementor-inner-section elementor-element elementor-element-e351f6b elementor-section-boxed elementor-section-height-default elementor-section-height-default\" data-id=\"e351f6b\" data-element_type=\"section\">\n\t\t\t\t\t\t<div class=\"elementor-container elementor-column-gap-default\">\n\t\t\t\t\t<div class=\"elementor-column elementor-col-33 elementor-inner-column elementor-element elementor-element-b01ad70\" data-id=\"b01ad70\" data-element_type=\"column\">\n\t\t\t<div class=\"elementor-widget-wrap elementor-element-populated\">\n\t\t\t\t\t\t\t\t<div class=\"elementor-element elementor-element-43abbe5 elementor-widget elementor-widget-image\" data-id=\"43abbe5\" data-element_type=\"widget\" data-widget_type=\"image.default\">\n\t\t\t\t<div class=\"elementor-widget-container\">\n\t\t\t<style>\/*! elementor - v3.16.0 - 20-09-2023 *\/\n.elementor-widget-image{text-align:center}.elementor-widget-image a{display:inline-block}.elementor-widget-image a img[src$=\".svg\"]{width:48px}.elementor-widget-image img{vertical-align:middle;display:inline-block}<\/style>\t\t\t\t\t\t\t\t\t\t\t\t<img loading=\"lazy\" decoding=\"async\" width=\"373\" height=\"497\" src=\"https:\/\/engenheiroricardo.com\/wp-content\/uploads\/2022\/12\/GDFSHFDFHF.png\" class=\"attachment-large size-large wp-image-3110\" alt=\"\" srcset=\"https:\/\/engenheiroricardo.com\/wp-content\/uploads\/2022\/12\/GDFSHFDFHF.png 373w, https:\/\/engenheiroricardo.com\/wp-content\/uploads\/2022\/12\/GDFSHFDFHF-225x300.png 225w\" sizes=\"auto, (max-width: 373px) 100vw, 373px\" \/>\t\t\t\t\t\t\t\t\t\t\t\t\t\t\t<\/div>\n\t\t\t\t<\/div>\n\t\t\t\t\t<\/div>\n\t\t<\/div>\n\t\t\t\t<div class=\"elementor-column elementor-col-33 elementor-inner-column elementor-element elementor-element-d3a7eff\" data-id=\"d3a7eff\" data-element_type=\"column\">\n\t\t\t<div class=\"elementor-widget-wrap elementor-element-populated\">\n\t\t\t\t\t\t\t\t<div class=\"elementor-element elementor-element-0c34302 elementor-widget elementor-widget-image\" data-id=\"0c34302\" data-element_type=\"widget\" data-widget_type=\"image.default\">\n\t\t\t\t<div class=\"elementor-widget-container\">\n\t\t\t\t\t\t\t\t\t\t\t\t\t\t\t<img loading=\"lazy\" decoding=\"async\" width=\"377\" height=\"498\" src=\"https:\/\/engenheiroricardo.com\/wp-content\/uploads\/2022\/12\/GFDHFJFGFD.png\" class=\"attachment-large size-large wp-image-3108\" alt=\"\" srcset=\"https:\/\/engenheiroricardo.com\/wp-content\/uploads\/2022\/12\/GFDHFJFGFD.png 377w, https:\/\/engenheiroricardo.com\/wp-content\/uploads\/2022\/12\/GFDHFJFGFD-227x300.png 227w\" sizes=\"auto, (max-width: 377px) 100vw, 377px\" \/>\t\t\t\t\t\t\t\t\t\t\t\t\t\t\t<\/div>\n\t\t\t\t<\/div>\n\t\t\t\t\t<\/div>\n\t\t<\/div>\n\t\t\t\t<div class=\"elementor-column elementor-col-33 elementor-inner-column elementor-element elementor-element-e16f99c\" data-id=\"e16f99c\" data-element_type=\"column\">\n\t\t\t<div class=\"elementor-widget-wrap elementor-element-populated\">\n\t\t\t\t\t\t\t\t<div class=\"elementor-element elementor-element-f5db226 elementor-widget elementor-widget-image\" data-id=\"f5db226\" data-element_type=\"widget\" data-widget_type=\"image.default\">\n\t\t\t\t<div class=\"elementor-widget-container\">\n\t\t\t\t\t\t\t\t\t\t\t\t\t\t\t<img loading=\"lazy\" decoding=\"async\" width=\"372\" height=\"497\" src=\"https:\/\/engenheiroricardo.com\/wp-content\/uploads\/2022\/12\/GDFFHHDG.png\" class=\"attachment-large size-large wp-image-3109\" alt=\"\" srcset=\"https:\/\/engenheiroricardo.com\/wp-content\/uploads\/2022\/12\/GDFFHHDG.png 372w, https:\/\/engenheiroricardo.com\/wp-content\/uploads\/2022\/12\/GDFFHHDG-225x300.png 225w\" sizes=\"auto, (max-width: 372px) 100vw, 372px\" \/>\t\t\t\t\t\t\t\t\t\t\t\t\t\t\t<\/div>\n\t\t\t\t<\/div>\n\t\t\t\t\t<\/div>\n\t\t<\/div>\n\t\t\t\t\t\t\t<\/div>\n\t\t<\/section>\n\t\t\t\t<section class=\"elementor-section elementor-inner-section elementor-element elementor-element-d2b09ad elementor-section-boxed elementor-section-height-default elementor-section-height-default\" data-id=\"d2b09ad\" data-element_type=\"section\">\n\t\t\t\t\t\t<div class=\"elementor-container elementor-column-gap-default\">\n\t\t\t\t\t<div class=\"elementor-column elementor-col-50 elementor-inner-column elementor-element elementor-element-6f19423\" data-id=\"6f19423\" data-element_type=\"column\">\n\t\t\t<div class=\"elementor-widget-wrap\">\n\t\t\t\t\t\t\t\t\t<\/div>\n\t\t<\/div>\n\t\t\t\t<div class=\"elementor-column elementor-col-50 elementor-inner-column elementor-element elementor-element-bb02f43\" data-id=\"bb02f43\" data-element_type=\"column\">\n\t\t\t<div class=\"elementor-widget-wrap\">\n\t\t\t\t\t\t\t\t\t<\/div>\n\t\t<\/div>\n\t\t\t\t\t\t\t<\/div>\n\t\t<\/section>\n\t\t\t\t\t<\/div>\n\t\t<\/div>\n\t\t\t\t\t\t\t<\/div>\n\t\t<\/section>\n\t\t\t\t<section class=\"elementor-section elementor-top-section elementor-element elementor-element-8cab88d elementor-section-boxed elementor-section-height-default elementor-section-height-default\" data-id=\"8cab88d\" data-element_type=\"section\">\n\t\t\t\t\t\t<div class=\"elementor-container elementor-column-gap-default\">\n\t\t\t\t\t<div class=\"elementor-column elementor-col-100 elementor-top-column elementor-element elementor-element-1c3971c\" data-id=\"1c3971c\" data-element_type=\"column\">\n\t\t\t<div class=\"elementor-widget-wrap elementor-element-populated\">\n\t\t\t\t\t\t\t\t<div class=\"elementor-element elementor-element-57c6df4 elementor-widget__width-auto elementor-fixed elementor-view-default elementor-widget elementor-widget-icon\" data-id=\"57c6df4\" data-element_type=\"widget\" data-settings=\"{&quot;_position&quot;:&quot;fixed&quot;}\" data-widget_type=\"icon.default\">\n\t\t\t\t<div class=\"elementor-widget-container\">\n\t\t\t\t\t<div class=\"elementor-icon-wrapper\">\n\t\t\t<a class=\"elementor-icon elementor-animation-grow\" href=\"https:\/\/api.whatsapp.com\/send?phone=5521970716725&#038;text=Ol%C3%A1%20Engenheiro%20Ricardo,%20gostaria%20de%20realizar%20um%20or%C3%A7amento.\">\n\t\t\t<svg xmlns=\"http:\/\/www.w3.org\/2000\/svg\" viewBox=\"0 0 48 48\" width=\"96px\" height=\"96px\" fill-rule=\"evenodd\" clip-rule=\"evenodd\"><path fill=\"#fff\" d=\"M4.868,43.303l2.694-9.835C5.9,30.59,5.026,27.324,5.027,23.979C5.032,13.514,13.548,5,24.014,5c5.079,0.002,9.845,1.979,13.43,5.566c3.584,3.588,5.558,8.356,5.556,13.428c-0.004,10.465-8.522,18.98-18.986,18.98c-0.001,0,0,0,0,0h-0.008c-3.177-0.001-6.3-0.798-9.073-2.311L4.868,43.303z\"><\/path><path fill=\"#fff\" d=\"M4.868,43.803c-0.132,0-0.26-0.052-0.355-0.148c-0.125-0.127-0.174-0.312-0.127-0.483l2.639-9.636c-1.636-2.906-2.499-6.206-2.497-9.556C4.532,13.238,13.273,4.5,24.014,4.5c5.21,0.002,10.105,2.031,13.784,5.713c3.679,3.683,5.704,8.577,5.702,13.781c-0.004,10.741-8.746,19.48-19.486,19.48c-3.189-0.001-6.344-0.788-9.144-2.277l-9.875,2.589C4.953,43.798,4.911,43.803,4.868,43.803z\"><\/path><path fill=\"#cfd8dc\" d=\"M24.014,5c5.079,0.002,9.845,1.979,13.43,5.566c3.584,3.588,5.558,8.356,5.556,13.428c-0.004,10.465-8.522,18.98-18.986,18.98h-0.008c-3.177-0.001-6.3-0.798-9.073-2.311L4.868,43.303l2.694-9.835C5.9,30.59,5.026,27.324,5.027,23.979C5.032,13.514,13.548,5,24.014,5 M24.014,42.974C24.014,42.974,24.014,42.974,24.014,42.974C24.014,42.974,24.014,42.974,24.014,42.974 M24.014,42.974C24.014,42.974,24.014,42.974,24.014,42.974C24.014,42.974,24.014,42.974,24.014,42.974 M24.014,4C24.014,4,24.014,4,24.014,4C12.998,4,4.032,12.962,4.027,23.979c-0.001,3.367,0.849,6.685,2.461,9.622l-2.585,9.439c-0.094,0.345,0.002,0.713,0.254,0.967c0.19,0.192,0.447,0.297,0.711,0.297c0.085,0,0.17-0.011,0.254-0.033l9.687-2.54c2.828,1.468,5.998,2.243,9.197,2.244c11.024,0,19.99-8.963,19.995-19.98c0.002-5.339-2.075-10.359-5.848-14.135C34.378,6.083,29.357,4.002,24.014,4L24.014,4z\"><\/path><path fill=\"#40c351\" d=\"M35.176,12.832c-2.98-2.982-6.941-4.625-11.157-4.626c-8.704,0-15.783,7.076-15.787,15.774c-0.001,2.981,0.833,5.883,2.413,8.396l0.376,0.597l-1.595,5.821l5.973-1.566l0.577,0.342c2.422,1.438,5.2,2.198,8.032,2.199h0.006c8.698,0,15.777-7.077,15.78-15.776C39.795,19.778,38.156,15.814,35.176,12.832z\"><\/path><path fill=\"#fff\" fill-rule=\"evenodd\" d=\"M19.268,16.045c-0.355-0.79-0.729-0.806-1.068-0.82c-0.277-0.012-0.593-0.011-0.909-0.011c-0.316,0-0.83,0.119-1.265,0.594c-0.435,0.475-1.661,1.622-1.661,3.956c0,2.334,1.7,4.59,1.937,4.906c0.237,0.316,3.282,5.259,8.104,7.161c4.007,1.58,4.823,1.266,5.693,1.187c0.87-0.079,2.807-1.147,3.202-2.255c0.395-1.108,0.395-2.057,0.277-2.255c-0.119-0.198-0.435-0.316-0.909-0.554s-2.807-1.385-3.242-1.543c-0.435-0.158-0.751-0.237-1.068,0.238c-0.316,0.474-1.225,1.543-1.502,1.859c-0.277,0.317-0.554,0.357-1.028,0.119c-0.474-0.238-2.002-0.738-3.815-2.354c-1.41-1.257-2.362-2.81-2.639-3.285c-0.277-0.474-0.03-0.731,0.208-0.968c0.213-0.213,0.474-0.554,0.712-0.831c0.237-0.277,0.316-0.475,0.474-0.791c0.158-0.317,0.079-0.594-0.04-0.831C20.612,19.329,19.69,16.983,19.268,16.045z\" clip-rule=\"evenodd\"><\/path><\/svg>\t\t\t<\/a>\n\t\t<\/div>\n\t\t\t\t<\/div>\n\t\t\t\t<\/div>\n\t\t\t\t\t<\/div>\n\t\t<\/div>\n\t\t\t\t\t\t\t<\/div>\n\t\t<\/section>\n\t\t\t\t\t\t\t<\/div>\n\t\t","protected":false},"excerpt":{"rendered":"<p>Assist\u00eancia T\u00e9cnica em A\u00e7\u00f5es Judiciais Auxiliamos tecnicamente a \u00e1rea jur\u00eddica \/advogados em a\u00e7\u00f5es judiciais e extrajudiciais, quando o assunto envolve temas de engenharia civil. Realizamos tamb\u00e9m o estudo das causas que motivaram o acionamento por vias judiciais ou extrajudiciais, com a an\u00e1lise dos aspectos t\u00e9cnicos e legais. &nbsp; A assist\u00eancia t\u00e9cnica judicial tem o objetivo [&hellip;]<\/p>\n","protected":false},"author":1,"featured_media":0,"parent":0,"menu_order":0,"comment_status":"closed","ping_status":"closed","template":"elementor_header_footer","meta":{"footnotes":""},"class_list":["post-3102","page","type-page","status-publish","hentry"],"_links":{"self":[{"href":"https:\/\/engenheiroricardo.com\/index.php\/wp-json\/wp\/v2\/pages\/3102","targetHints":{"allow":["GET"]}}],"collection":[{"href":"https:\/\/engenheiroricardo.com\/index.php\/wp-json\/wp\/v2\/pages"}],"about":[{"href":"https:\/\/engenheiroricardo.com\/index.php\/wp-json\/wp\/v2\/types\/page"}],"author":[{"embeddable":true,"href":"https:\/\/engenheiroricardo.com\/index.php\/wp-json\/wp\/v2\/users\/1"}],"replies":[{"embeddable":true,"href":"https:\/\/engenheiroricardo.com\/index.php\/wp-json\/wp\/v2\/comments?post=3102"}],"version-history":[{"count":61,"href":"https:\/\/engenheiroricardo.com\/index.php\/wp-json\/wp\/v2\/pages\/3102\/revisions"}],"predecessor-version":[{"id":4001,"href":"https:\/\/engenheiroricardo.com\/index.php\/wp-json\/wp\/v2\/pages\/3102\/revisions\/4001"}],"wp:attachment":[{"href":"https:\/\/engenheiroricardo.com\/index.php\/wp-json\/wp\/v2\/media?parent=3102"}],"curies":[{"name":"wp","href":"https:\/\/api.w.org\/{rel}","templated":true}]}}